{"id":586,"date":"2025-08-23T19:27:00","date_gmt":"2025-08-23T17:27:00","guid":{"rendered":"https:\/\/placetonjeu.fr\/?page_id=586"},"modified":"2025-08-29T11:33:53","modified_gmt":"2025-08-29T09:33:53","slug":"formations","status":"publish","type":"page","link":"https:\/\/placetonjeu.fr\/index.php\/formations\/","title":{"rendered":"Formations"},"content":{"rendered":"\t\t<div data-elementor-type=\"wp-page\" data-elementor-id=\"586\" class=\"elementor elementor-586\">\n\t\t\t\t<div class=\"elementor-element elementor-element-4c7bf061 e-flex e-con-boxed e-con e-parent\" data-id=\"4c7bf061\" data-element_type=\"container\">\n\t\t\t\t\t<div class=\"e-con-inner\">\n\t\t<div class=\"elementor-element elementor-element-69bbbff8 e-con-full e-flex e-con e-child\" data-id=\"69bbbff8\" data-element_type=\"container\">\n\t\t\t\t<div class=\"elementor-element elementor-element-18abca27 elementor-widget-divider--view-line elementor-widget elementor-widget-divider\" data-id=\"18abca27\" data-element_type=\"widget\" data-widget_type=\"divider.default\">\n\t\t\t\t<div class=\"elementor-widget-container\">\n\t\t\t\t\t<div class=\"elementor-divider\">\n\t\t\t<span class=\"elementor-divider-separator\">\n\t\t\t\t\t\t<\/span>\n\t\t<\/div>\n\t\t\t\t<\/div>\n\t\t\t\t<\/div>\n\t\t\t\t<\/div>\n\t\t<div class=\"elementor-element elementor-element-26d466d1 e-con-full e-flex e-con e-child\" data-id=\"26d466d1\" data-element_type=\"container\">\n\t\t\t\t<div class=\"elementor-element elementor-element-362b98db elementor-widget elementor-widget-heading\" data-id=\"362b98db\" data-element_type=\"widget\" data-widget_type=\"heading.default\">\n\t\t\t\t<div class=\"elementor-widget-container\">\n\t\t\t<h6 class=\"elementor-heading-title elementor-size-default\">Formations<\/h6>\t\t<\/div>\n\t\t\t\t<\/div>\n\t\t\t\t<div class=\"elementor-element elementor-element-b8dfe16 elementor-widget elementor-widget-image\" data-id=\"b8dfe16\" data-element_type=\"widget\" data-widget_type=\"image.default\">\n\t\t\t\t<div class=\"elementor-widget-container\">\n\t\t\t\t\t\t\t\t\t\t\t\t\t<img decoding=\"async\" src=\"https:\/\/placetonjeu.fr\/wp-content\/uploads\/elementor\/thumbs\/Mascotte-bleu-qr5mua3w1ziwofmuizbeyb8gtn2u6hvk7lu7d57p8a.webp\" title=\"Mascotte bleu\" alt=\"Mascotte bleu\" loading=\"lazy\" \/>\t\t\t\t\t\t\t\t\t\t\t\t\t<\/div>\n\t\t\t\t<\/div>\n\t\t\t\t<div class=\"elementor-element elementor-element-fa1c553 elementor-widget elementor-widget-heading\" data-id=\"fa1c553\" data-element_type=\"widget\" data-widget_type=\"heading.default\">\n\t\t\t\t<div class=\"elementor-widget-container\">\n\t\t\t<h2 class=\"elementor-heading-title elementor-size-default\">Les dates et horaires<\/h2>\t\t<\/div>\n\t\t\t\t<\/div>\n\t\t\t\t<\/div>\n\t\t<div class=\"elementor-element elementor-element-6fa47b81 e-con-full e-flex e-con e-child\" data-id=\"6fa47b81\" data-element_type=\"container\">\n\t\t\t\t<div class=\"elementor-element elementor-element-3551a68a elementor-widget-divider--view-line elementor-widget elementor-widget-divider\" data-id=\"3551a68a\" data-element_type=\"widget\" data-widget_type=\"divider.default\">\n\t\t\t\t<div class=\"elementor-widget-container\">\n\t\t\t\t\t<div class=\"elementor-divider\">\n\t\t\t<span class=\"elementor-divider-separator\">\n\t\t\t\t\t\t<\/span>\n\t\t<\/div>\n\t\t\t\t<\/div>\n\t\t\t\t<\/div>\n\t\t\t\t<\/div>\n\t\t\t\t\t<\/div>\n\t\t\t\t<\/div>\n\t\t<div class=\"elementor-element elementor-element-cd55a52 e-con-full e-flex e-con e-parent\" data-id=\"cd55a52\" data-element_type=\"container\">\n\t\t<div class=\"elementor-element elementor-element-c5a491f e-con-full e-flex e-con e-child\" data-id=\"c5a491f\" data-element_type=\"container\">\n\t\t\t\t<div class=\"elementor-element elementor-element-e87bea6 elementor-widget elementor-widget-heading\" data-id=\"e87bea6\" data-element_type=\"widget\" data-widget_type=\"heading.default\">\n\t\t\t\t<div class=\"elementor-widget-container\">\n\t\t\t<h3 class=\"elementor-heading-title elementor-size-default\">Samedi 06 septembre<\/h3>\t\t<\/div>\n\t\t\t\t<\/div>\n\t\t\t\t<div class=\"elementor-element elementor-element-826ef1a elementor-widget elementor-widget-text-editor\" data-id=\"826ef1a\" data-element_type=\"widget\" data-widget_type=\"text-editor.default\">\n\t\t\t\t<div class=\"elementor-widget-container\">\n\t\t\t\t\t\t\t<p class=\"p1\"><strong><em>Apprenez les Gestes qui Sauvent<\/em><\/strong><\/p><p class=\"p1\">de <b>9h \u00e0 12h<\/b>, \u00e0 Neuville-de-Poitou<\/p><p class=\"p1\">Cette formation pratique vous donnera les cl\u00e9s pour <b>r\u00e9agir efficacement en cas d&rsquo;urgence<\/b>, que ce soit sur le festival ou dans votre vie quotidienne. Un savoir pr\u00e9cieux pour la s\u00e9curit\u00e9 de tous !<\/p><p class=\"p1\"><b>Attention, les places sont limit\u00e9es \u00e0 20 participants !<\/b><\/p><p class=\"p1\">Ne manquez pas cette chance de devenir un acteur de la s\u00e9curit\u00e9 !<\/p>\t\t\t\t\t\t<\/div>\n\t\t\t\t<\/div>\n\t\t<div class=\"elementor-element elementor-element-80f89ff e-con-full e-flex e-con e-child\" data-id=\"80f89ff\" data-element_type=\"container\">\n\t\t\t\t<div class=\"elementor-element elementor-element-c853510 elementor-widget elementor-widget-heading\" data-id=\"c853510\" data-element_type=\"widget\" data-widget_type=\"heading.default\">\n\t\t\t\t<div class=\"elementor-widget-container\">\n\t\t\t<h2 class=\"elementor-heading-title elementor-size-default\">Inscrivez-vous par HelloAsso<\/h2>\t\t<\/div>\n\t\t\t\t<\/div>\n\t\t\t\t<div class=\"elementor-element elementor-element-bc3af3b elementor-align-center elementor-widget elementor-widget-button\" data-id=\"bc3af3b\" data-element_type=\"widget\" data-widget_type=\"button.default\">\n\t\t\t\t<div class=\"elementor-widget-container\">\n\t\t\t\t\t<div class=\"elementor-button-wrapper\">\n\t\t\t<a class=\"elementor-button elementor-button-link elementor-size-sm elementor-animation-shrink\" href=\"https:\/\/www.helloasso.com\/associations\/place-ludique\/evenements\/formation\">\n\t\t\t\t\t\t<span class=\"elementor-button-content-wrapper\">\n\t\t\t\t\t\t\t\t\t<span class=\"elementor-button-text\">Formation Gestes qui sauvent<\/span>\n\t\t\t\t\t<\/span>\n\t\t\t\t\t<\/a>\n\t\t<\/div>\n\t\t\t\t<\/div>\n\t\t\t\t<\/div>\n\t\t\t\t<\/div>\n\t\t\t\t<\/div>\n\t\t<div class=\"elementor-element elementor-element-f72f84d e-con-full e-flex e-con e-child\" data-id=\"f72f84d\" data-element_type=\"container\">\n\t\t\t\t<div class=\"elementor-element elementor-element-e5e304e elementor-widget elementor-widget-heading\" data-id=\"e5e304e\" data-element_type=\"widget\" data-widget_type=\"heading.default\">\n\t\t\t\t<div class=\"elementor-widget-container\">\n\t\t\t<h3 class=\"elementor-heading-title elementor-size-default\">Samedi 13 septembre<\/h3>\t\t<\/div>\n\t\t\t\t<\/div>\n\t\t\t\t<div class=\"elementor-element elementor-element-80e89d2 elementor-widget elementor-widget-text-editor\" data-id=\"80e89d2\" data-element_type=\"widget\" data-widget_type=\"text-editor.default\">\n\t\t\t\t<div class=\"elementor-widget-container\">\n\t\t\t\t\t\t\t<p class=\"p1\"><i><span style=\"font-weight: bold;\">D\u00e9couverte\u00a0<\/span><span style=\"font-weight: bold; font-size: 1rem;\">Langue des Signes Fran\u00e7aise<\/span><\/i><\/p><p class=\"p1\">de\u00a0<span style=\"font-weight: bold;\">9h \u00e0 12h<\/span>, \u00e0 Neuville-de-Poitou<\/p><p class=\"p1\">Anim\u00e9e par Damien Mignot-Roda de la compagnie<span style=\"font-weight: bolder;\">\u00a0Confiture Mitaine<\/span>, cette formation est ouverte \u00e0 toutes et tous, sans aucun pr\u00e9requis !<\/p><p class=\"p1\">L&rsquo;objectif ? Apprendre les bases pour se pr\u00e9senter, interagir avec une personne sourde et comprendre quelques signes essentiels du quotidien.<\/p><p class=\"p1\"><span style=\"font-weight: bold;\">Attention, les places sont limit\u00e9es \u00e0 12 participants !<\/span>\u00a0<\/p><p class=\"p1\">Une belle occasion de s&rsquo;ouvrir \u00e0 une nouvelle langue et de favoriser l&rsquo;inclusion !<\/p>\t\t\t\t\t\t<\/div>\n\t\t\t\t<\/div>\n\t\t<div class=\"elementor-element elementor-element-c5c867b e-con-full e-flex e-con e-child\" data-id=\"c5c867b\" data-element_type=\"container\">\n\t\t\t\t<div class=\"elementor-element elementor-element-fb0ec53 elementor-widget elementor-widget-heading\" data-id=\"fb0ec53\" data-element_type=\"widget\" data-widget_type=\"heading.default\">\n\t\t\t\t<div class=\"elementor-widget-container\">\n\t\t\t<h2 class=\"elementor-heading-title elementor-size-default\">Inscrivez-vous par HelloAsso<\/h2>\t\t<\/div>\n\t\t\t\t<\/div>\n\t\t\t\t<div class=\"elementor-element elementor-element-ca83dbe elementor-align-center elementor-widget elementor-widget-button\" data-id=\"ca83dbe\" data-element_type=\"widget\" data-widget_type=\"button.default\">\n\t\t\t\t<div class=\"elementor-widget-container\">\n\t\t\t\t\t<div class=\"elementor-button-wrapper\">\n\t\t\t<a class=\"elementor-button elementor-button-link elementor-size-sm elementor-animation-shrink\" href=\"https:\/\/www.helloasso.com\/associations\/place-ludique\/evenements\/formation-initiation-a-la-langue-des-signes\">\n\t\t\t\t\t\t<span class=\"elementor-button-content-wrapper\">\n\t\t\t\t\t\t\t\t\t<span class=\"elementor-button-text\">Formation Langue des Signes<\/span>\n\t\t\t\t\t<\/span>\n\t\t\t\t\t<\/a>\n\t\t<\/div>\n\t\t\t\t<\/div>\n\t\t\t\t<\/div>\n\t\t\t\t<\/div>\n\t\t\t\t<\/div>\n\t\t<div class=\"elementor-element elementor-element-8cd6c10 e-con-full e-flex e-con e-child\" data-id=\"8cd6c10\" data-element_type=\"container\">\n\t\t\t\t<div class=\"elementor-element elementor-element-9b7cf13 elementor-widget elementor-widget-heading\" data-id=\"9b7cf13\" data-element_type=\"widget\" data-widget_type=\"heading.default\">\n\t\t\t\t<div class=\"elementor-widget-container\">\n\t\t\t<h3 class=\"elementor-heading-title elementor-size-default\">Samedi 13 septembre<\/h3>\t\t<\/div>\n\t\t\t\t<\/div>\n\t\t\t\t<div class=\"elementor-element elementor-element-0d9aef9 elementor-widget elementor-widget-text-editor\" data-id=\"0d9aef9\" data-element_type=\"widget\" data-widget_type=\"text-editor.default\">\n\t\t\t\t<div class=\"elementor-widget-container\">\n\t\t\t\t\t\t\t<p class=\"p1\"><b>Comprendre les Troubles du Neuro-d\u00e9veloppement<\/b><\/p><p>de <b>14h \u00e0 17h<\/b>, \u00e0 <b>Neuville-de-Poitou<\/b>.<\/p><p class=\"p1\">Cette formation, anim\u00e9e par <b>L&rsquo;ALEPA<\/b> et le <b>GEM TSA de Poitiers<\/b>, est sp\u00e9cialement con\u00e7ue pour \u00e9largir nos connaissance<b>s <\/b>et d\u00e9velopper des <b>comp\u00e9tences en communication<\/b> adapt\u00e9es.<\/p><p class=\"p1\">Que vous soyez proche, professionnel ou simplement curieux, venez \u00e9changer et sensibiliser !<\/p><p class=\"p1\"><b>Attention, les places sont limit\u00e9es \u00e0 15 participants !<\/b>\u00a0<\/p><p>Une opportunit\u00e9 d\u2019acqu\u00e9rir des informations n\u00e9cessaire sur les <b>Troubles du Neuro-d\u00e9veloppement (TND)<\/b><\/p>\t\t\t\t\t\t<\/div>\n\t\t\t\t<\/div>\n\t\t<div class=\"elementor-element elementor-element-414597f e-con-full e-flex e-con e-child\" data-id=\"414597f\" data-element_type=\"container\">\n\t\t\t\t<div class=\"elementor-element elementor-element-ee1d31e elementor-widget elementor-widget-heading\" data-id=\"ee1d31e\" data-element_type=\"widget\" data-widget_type=\"heading.default\">\n\t\t\t\t<div class=\"elementor-widget-container\">\n\t\t\t<h2 class=\"elementor-heading-title elementor-size-default\">Inscrivez-vous par HelloAsso<\/h2>\t\t<\/div>\n\t\t\t\t<\/div>\n\t\t\t\t<div class=\"elementor-element elementor-element-45b6edd elementor-align-center elementor-widget elementor-widget-button\" data-id=\"45b6edd\" data-element_type=\"widget\" data-widget_type=\"button.default\">\n\t\t\t\t<div class=\"elementor-widget-container\">\n\t\t\t\t\t<div class=\"elementor-button-wrapper\">\n\t\t\t<a class=\"elementor-button elementor-button-link elementor-size-sm elementor-animation-shrink\" href=\"https:\/\/www.helloasso.com\/associations\/place-ludique\/evenements\/formation-troubles-du-neuro-developpement\">\n\t\t\t\t\t\t<span class=\"elementor-button-content-wrapper\">\n\t\t\t\t\t\t\t\t\t<span class=\"elementor-button-text\">Formation TND<\/span>\n\t\t\t\t\t<\/span>\n\t\t\t\t\t<\/a>\n\t\t<\/div>\n\t\t\t\t<\/div>\n\t\t\t\t<\/div>\n\t\t\t\t<\/div>\n\t\t\t\t<\/div>\n\t\t\t\t<\/div>\n\t\t<div class=\"elementor-element elementor-element-d0c0283 e-flex e-con-boxed e-con e-parent\" data-id=\"d0c0283\" data-element_type=\"container\">\n\t\t\t\t\t<div class=\"e-con-inner\">\n\t\t<div class=\"elementor-element elementor-element-7d7feba e-con-full e-flex e-con e-child\" data-id=\"7d7feba\" data-element_type=\"container\">\n\t\t\t\t<div class=\"elementor-element elementor-element-6e00698 elementor-widget-divider--view-line elementor-widget elementor-widget-divider\" data-id=\"6e00698\" data-element_type=\"widget\" data-widget_type=\"divider.default\">\n\t\t\t\t<div class=\"elementor-widget-container\">\n\t\t\t\t\t<div class=\"elementor-divider\">\n\t\t\t<span class=\"elementor-divider-separator\">\n\t\t\t\t\t\t<\/span>\n\t\t<\/div>\n\t\t\t\t<\/div>\n\t\t\t\t<\/div>\n\t\t\t\t<\/div>\n\t\t<div class=\"elementor-element elementor-element-95d3fb0 e-con-full e-flex e-con e-child\" data-id=\"95d3fb0\" data-element_type=\"container\">\n\t\t\t\t<div class=\"elementor-element elementor-element-14a34dd elementor-widget-mobile__width-initial elementor-widget elementor-widget-heading\" data-id=\"14a34dd\" data-element_type=\"widget\" data-widget_type=\"heading.default\">\n\t\t\t\t<div class=\"elementor-widget-container\">\n\t\t\t<h6 class=\"elementor-heading-title elementor-size-default\">partenaires<\/h6>\t\t<\/div>\n\t\t\t\t<\/div>\n\t\t\t\t<\/div>\n\t\t<div class=\"elementor-element elementor-element-bbaed67 e-con-full e-flex e-con e-child\" data-id=\"bbaed67\" data-element_type=\"container\">\n\t\t\t\t<div class=\"elementor-element elementor-element-e261d49 elementor-widget-divider--view-line elementor-widget elementor-widget-divider\" data-id=\"e261d49\" data-element_type=\"widget\" data-widget_type=\"divider.default\">\n\t\t\t\t<div class=\"elementor-widget-container\">\n\t\t\t\t\t<div class=\"elementor-divider\">\n\t\t\t<span class=\"elementor-divider-separator\">\n\t\t\t\t\t\t<\/span>\n\t\t<\/div>\n\t\t\t\t<\/div>\n\t\t\t\t<\/div>\n\t\t\t\t<\/div>\n\t\t\t\t\t<\/div>\n\t\t\t\t<\/div>\n\t\t\t\t<section class=\"elementor-section elementor-top-section elementor-element elementor-element-3x6nuy5 elementor-section-content-middle elementor-section-boxed elementor-section-height-default elementor-section-height-default\" data-id=\"3x6nuy5\" data-element_type=\"section\" data-settings=\"{&quot;background_background&quot;:&quot;classic&quot;}\">\n\t\t\t\t\t\t\t<div class=\"elementor-background-overlay\"><\/div>\n\t\t\t\t\t\t\t<div class=\"elementor-container elementor-column-gap-no\">\n\t\t\t\t\t<div class=\"elementor-column elementor-col-100 elementor-top-column elementor-element elementor-element-a8fceb1\" data-id=\"a8fceb1\" data-element_type=\"column\">\n\t\t\t<div class=\"elementor-widget-wrap elementor-element-populated\">\n\t\t\t\t<div class=\"elementor-element elementor-element-517acce e-flex e-con-boxed e-con e-parent\" data-id=\"517acce\" data-element_type=\"container\">\n\t\t\t\t\t<div class=\"e-con-inner\">\n\t\t\t\t<div class=\"elementor-element elementor-element-d1337a5 elementor-widget elementor-widget-heading\" data-id=\"d1337a5\" data-element_type=\"widget\" data-widget_type=\"heading.default\">\n\t\t\t\t<div class=\"elementor-widget-container\">\n\t\t\t<h2 class=\"elementor-heading-title elementor-size-default\">Nos partenaires 2025<\/h2>\t\t<\/div>\n\t\t\t\t<\/div>\n\t\t\t\t\t<\/div>\n\t\t\t\t<\/div>\n\t\t<div class=\"elementor-element elementor-element-6133ee1 e-flex e-con-boxed e-con e-parent\" data-id=\"6133ee1\" data-element_type=\"container\">\n\t\t\t\t\t<div class=\"e-con-inner\">\n\t\t\t\t<div class=\"elementor-element elementor-element-cc27268 elementor-widget elementor-widget-image\" data-id=\"cc27268\" data-element_type=\"widget\" data-widget_type=\"image.default\">\n\t\t\t\t<div class=\"elementor-widget-container\">\n\t\t\t\t\t\t\t\t\t\t<figure class=\"wp-caption\">\n\t\t\t\t\t\t\t\t\t\t\t<a href=\"https:\/\/www.confituremitaine.com\/\">\n\t\t\t\t\t\t\t<img fetchpriority=\"high\" decoding=\"async\" width=\"1249\" height=\"1249\" src=\"https:\/\/placetonjeu.fr\/wp-content\/uploads\/2025\/08\/CONFITURE.jpg\" class=\"attachment-full size-full wp-image-599\" alt=\"\" srcset=\"https:\/\/placetonjeu.fr\/wp-content\/uploads\/2025\/08\/CONFITURE.jpg 1249w, https:\/\/placetonjeu.fr\/wp-content\/uploads\/2025\/08\/CONFITURE-300x300.jpg 300w, https:\/\/placetonjeu.fr\/wp-content\/uploads\/2025\/08\/CONFITURE-1024x1024.jpg 1024w, https:\/\/placetonjeu.fr\/wp-content\/uploads\/2025\/08\/CONFITURE-150x150.jpg 150w, https:\/\/placetonjeu.fr\/wp-content\/uploads\/2025\/08\/CONFITURE-768x768.jpg 768w\" sizes=\"(max-width: 1249px) 100vw, 1249px\" \/>\t\t\t\t\t\t\t\t<\/a>\n\t\t\t\t\t\t\t\t\t\t\t<figcaption class=\"widget-image-caption wp-caption-text\">Confiture Mitaine<\/figcaption>\n\t\t\t\t\t\t\t\t\t\t<\/figure>\n\t\t\t\t\t\t\t<\/div>\n\t\t\t\t<\/div>\n\t\t\t\t<div class=\"elementor-element elementor-element-f5ea904 elementor-widget elementor-widget-heading\" data-id=\"f5ea904\" data-element_type=\"widget\" data-widget_type=\"heading.default\">\n\t\t\t\t<div class=\"elementor-widget-container\">\n\t\t\t<h3 class=\"elementor-heading-title elementor-size-default\">Confiture Mitaine<\/h3>\t\t<\/div>\n\t\t\t\t<\/div>\n\t\t\t\t<div class=\"elementor-element elementor-element-1b72a24 elementor-widget elementor-widget-text-editor\" data-id=\"1b72a24\" data-element_type=\"widget\" data-widget_type=\"text-editor.default\">\n\t\t\t\t<div class=\"elementor-widget-container\">\n\t\t\t\t\t\t\t<p class=\"p1\">Nous sommes ravis de collaborer avec la compagnie Confiture Mitaine, une association reconnue pour ses cr\u00e9ations artistiques qui m\u00ealent spectacle vivant et Langue des Signes Fran\u00e7aise. Ils sont \u00e9galement \u00e0 l&rsquo;initiative du Festival LES CONFIOTES et g\u00e8rent L&rsquo;Autre C\u00f4t\u00e9 du Miroir, une salle culturelle en milieu rural, soulignant leur engagement pour rendre la culture accessible \u00e0 tous les publics et leur sensibilit\u00e9 particuli\u00e8re pour l&rsquo;inclusion des personnes sourdes.<\/p><p class=\"p2\"><b>Leur pr\u00e9sence au Festival Place Ton Jeu : une richesse pour tous ! <\/b><span class=\"s1\">\ud83e\udd1d<\/span><\/p><p class=\"p1\">Confiture Mitaine sera un acteur cl\u00e9 de notre festival ! En plus d&rsquo;animer l&rsquo;initiation gratuite \u00e0 la Langue des Signes Fran\u00e7aise le samedi 13 septembre 2025, vous les retrouverez durant les deux jours du festival, les 4 et 5 octobre prochains. Leur mission ? Faciliter l&rsquo;acc\u00e8s aux jeux pour les personnes sourdes en assurant la traduction des r\u00e8gles ! Une pr\u00e9sence pr\u00e9cieuse pour un festival encore plus inclusif.<\/p>\t\t\t\t\t\t<\/div>\n\t\t\t\t<\/div>\n\t\t\t\t\t<\/div>\n\t\t\t\t<\/div>\n\t\t<div class=\"elementor-element elementor-element-cb38051 e-flex e-con-boxed e-con e-parent\" data-id=\"cb38051\" data-element_type=\"container\">\n\t\t\t\t\t<div class=\"e-con-inner\">\n\t\t\t\t<div class=\"elementor-element elementor-element-59438cb elementor-widget elementor-widget-image\" data-id=\"59438cb\" data-element_type=\"widget\" data-widget_type=\"image.default\">\n\t\t\t\t<div class=\"elementor-widget-container\">\n\t\t\t\t\t\t\t\t\t\t<figure class=\"wp-caption\">\n\t\t\t\t\t\t\t\t\t\t\t<a href=\"https:\/\/www.facebook.com\/p\/GEM-TSA-Poitiers-100081864908499\/?locale=fr_FR\">\n\t\t\t\t\t\t\t<img decoding=\"async\" width=\"150\" height=\"150\" src=\"https:\/\/placetonjeu.fr\/wp-content\/uploads\/2025\/08\/426427090_383228507749310_6645639299876899680_n-150x150.png\" class=\"attachment-thumbnail size-thumbnail wp-image-602\" alt=\"\" \/>\t\t\t\t\t\t\t\t<\/a>\n\t\t\t\t\t\t\t\t\t\t\t<figcaption class=\"widget-image-caption wp-caption-text\">GEM TSA 86<\/figcaption>\n\t\t\t\t\t\t\t\t\t\t<\/figure>\n\t\t\t\t\t\t\t<\/div>\n\t\t\t\t<\/div>\n\t\t\t\t<div class=\"elementor-element elementor-element-a4b2806 elementor-widget elementor-widget-heading\" data-id=\"a4b2806\" data-element_type=\"widget\" data-widget_type=\"heading.default\">\n\t\t\t\t<div class=\"elementor-widget-container\">\n\t\t\t<h3 class=\"elementor-heading-title elementor-size-default\"><a href=\"https:\/\/www.facebook.com\/p\/GEM-TSA-Poitiers-100081864908499\/?locale=fr_FR\"><h3 data-elementor-setting-key=\"title\" data-pen-placeholder=\"\u00c9crivez ici...\" style=\", sans-serif;font-weight: 600\">GEM TSA 86<span style=\"font-size: 1.75rem\"><\/span><\/h3><\/a><\/h3>\t\t<\/div>\n\t\t\t\t<\/div>\n\t\t\t\t<div class=\"elementor-element elementor-element-a448b8b elementor-widget elementor-widget-text-editor\" data-id=\"a448b8b\" data-element_type=\"widget\" data-widget_type=\"text-editor.default\">\n\t\t\t\t<div class=\"elementor-widget-container\">\n\t\t\t\t\t\t\t<p>Le GEM TSA 86 Nacre-en-ciel est une association de personnes adultes autistes et TND (Trouble du Neuro D\u00e9veloppement), qui pratiquent la pair-aidance, c&rsquo;est-\u00e0-dire que ces personnes s&rsquo;entraident dans tous les domaines dont elles ont besoin. Ce lieu permet de cr\u00e9er du lien social,<span class=\"Apple-converted-space\">\u00a0 <\/span>de sortir de l&rsquo;isolement, de cr\u00e9er des moments de complicit\u00e9 autour de diverses activit\u00e9s, tout en favorisant l&rsquo;estime de soi et la confiance en soi<\/p>\t\t\t\t\t\t<\/div>\n\t\t\t\t<\/div>\n\t\t\t\t\t<\/div>\n\t\t\t\t<\/div>\n\t\t<div class=\"elementor-element elementor-element-97db602 e-con-full e-flex e-con e-parent\" data-id=\"97db602\" data-element_type=\"container\">\n\t\t<div class=\"elementor-element elementor-element-4d51a82 e-con-full e-flex e-con e-child\" data-id=\"4d51a82\" data-element_type=\"container\">\n\t\t\t\t<div class=\"elementor-element elementor-element-163038c elementor-widget elementor-widget-image\" data-id=\"163038c\" data-element_type=\"widget\" data-widget_type=\"image.default\">\n\t\t\t\t<div class=\"elementor-widget-container\">\n\t\t\t\t\t\t\t\t\t\t<figure class=\"wp-caption\">\n\t\t\t\t\t\t\t\t\t\t\t<a href=\"https:\/\/www.facebook.com\/alepaasso\/?locale=fr_FR\">\n\t\t\t\t\t\t\t<img decoding=\"async\" width=\"150\" height=\"150\" src=\"https:\/\/placetonjeu.fr\/wp-content\/uploads\/2025\/08\/ELEPA-150x150.jpg\" class=\"attachment-thumbnail size-thumbnail wp-image-600\" alt=\"\" \/>\t\t\t\t\t\t\t\t<\/a>\n\t\t\t\t\t\t\t\t\t\t\t<figcaption class=\"widget-image-caption wp-caption-text\">Alepa Asso<\/figcaption>\n\t\t\t\t\t\t\t\t\t\t<\/figure>\n\t\t\t\t\t\t\t<\/div>\n\t\t\t\t<\/div>\n\t\t\t\t<div class=\"elementor-element elementor-element-2e87fcf elementor-widget elementor-widget-heading\" data-id=\"2e87fcf\" data-element_type=\"widget\" data-widget_type=\"heading.default\">\n\t\t\t\t<div class=\"elementor-widget-container\">\n\t\t\t<h3 class=\"elementor-heading-title elementor-size-default\"><a href=\"https:\/\/www.facebook.com\/alepaasso\/?locale=fr_FR\">ALEPA 86<\/a><\/h3>\t\t<\/div>\n\t\t\t\t<\/div>\n\t\t\t\t<div class=\"elementor-element elementor-element-2412479 elementor-widget elementor-widget-text-editor\" data-id=\"2412479\" data-element_type=\"widget\" data-widget_type=\"text-editor.default\">\n\t\t\t\t<div class=\"elementor-widget-container\">\n\t\t\t\t\t\t\t<p>L&rsquo;ALEPA est une association de loisirs qui acceuillent des enfants, adolescents et adultes avec autisme. Les animations sont encadr\u00e9es par des b\u00e9n\u00e9voles et des salari\u00e9s profesionnels.<\/p><p>Nous accueillons les jeunes avec TSA sur diff\u00e9rentes activit\u00e9s en lien avec les loisirs, le sport et la culture. Nous proposons \u00e9galement des activit\u00e9s aux familles, aux parents et aux fr\u00e8res et soeurs de la famille. Certaines de nos activit\u00e9s sont m\u00eame ouvertes au grand public (spectacle, etc.)\u00a0<\/p>\t\t\t\t\t\t<\/div>\n\t\t\t\t<\/div>\n\t\t\t\t<\/div>\n\t\t\t\t<\/div>\n\t\t\t\t\t<\/div>\n\t\t<\/div>\n\t\t\t\t\t<\/div>\n\t\t<\/section>\n\t\t\t\t<\/div>\n\t\t","protected":false},"excerpt":{"rendered":"<p>Formations Les dates et horaires Samedi 06 septembre Apprenez les Gestes qui Sauvent de 9h \u00e0 12h, \u00e0 Neuville-de-Poitou Cette formation pratique vous donnera les cl\u00e9s pour r\u00e9agir efficacement en cas d&rsquo;urgence, que ce soit sur le festival ou dans votre vie quotidienne. Un savoir pr\u00e9cieux pour la s\u00e9curit\u00e9 de tous ! Attention, les places [&hellip;]<\/p>\n","protected":false},"author":2,"featured_media":0,"parent":0,"menu_order":0,"comment_status":"closed","ping_status":"closed","template":"","meta":{"footnotes":""},"class_list":["post-586","page","type-page","status-publish","hentry"],"_links":{"self":[{"href":"https:\/\/placetonjeu.fr\/index.php\/wp-json\/wp\/v2\/pages\/586","targetHints":{"allow":["GET"]}}],"collection":[{"href":"https:\/\/placetonjeu.fr\/index.php\/wp-json\/wp\/v2\/pages"}],"about":[{"href":"https:\/\/placetonjeu.fr\/index.php\/wp-json\/wp\/v2\/types\/page"}],"author":[{"embeddable":true,"href":"https:\/\/placetonjeu.fr\/index.php\/wp-json\/wp\/v2\/users\/2"}],"replies":[{"embeddable":true,"href":"https:\/\/placetonjeu.fr\/index.php\/wp-json\/wp\/v2\/comments?post=586"}],"version-history":[{"count":16,"href":"https:\/\/placetonjeu.fr\/index.php\/wp-json\/wp\/v2\/pages\/586\/revisions"}],"predecessor-version":[{"id":621,"href":"https:\/\/placetonjeu.fr\/index.php\/wp-json\/wp\/v2\/pages\/586\/revisions\/621"}],"wp:attachment":[{"href":"https:\/\/placetonjeu.fr\/index.php\/wp-json\/wp\/v2\/media?parent=586"}],"curies":[{"name":"wp","href":"https:\/\/api.w.org\/{rel}","templated":true}]}}